{"id":1299,"date":"2025-12-30T13:43:15","date_gmt":"2025-12-30T06:43:15","guid":{"rendered":"https:\/\/conlanbangtai.vn\/?post_type=product&#038;p=1299"},"modified":"2025-12-30T13:43:15","modified_gmt":"2025-12-30T06:43:15","slug":"he-thong-bang-tai","status":"publish","type":"product","link":"https:\/\/conlanbangtai.vn\/?product=he-thong-bang-tai","title":{"rendered":"H\u1ec7 th\u1ed1ng b\u0103ng t\u1ea3i"},"content":{"rendered":"<div>\u0110\u1ec3 ti\u1ec7n cho c\u00f4ng vi\u1ec7c c\u1ee7a Qu\u00fd kh\u00e1ch h\u00e0ng \u0111\u01b0\u1ee3c \u0111\u1ea3m b\u1ea3o,\u0111\u1ec1 ngh\u1ecb Qu\u00fd kh\u00e1ch h\u00e3y g\u1ecdi cho ch\u00fang t\u00f4i \u0111\u1ec3 trao \u0111\u1ed5i th\u00eam v\u1ec1 k\u1ef9 thu\u1eadt nh\u1eb1m \u0111\u01b0a ra m\u1ed9t gi\u1ea3i ph\u00e1p t\u1ed1t nh\u1ea5t \u0111\u00e1p \u1ee9ng cho nhu c\u1ea7u s\u1eed dung c\u1ee7a Qu\u00fd kh\u00e1ch.<\/div>\n<div>H\u00e3y li\u00ean h\u1ec7 v\u1edbi ch\u00fang t\u00f4i theo s\u1ed1: 043.6436287 ho\u1eb7c 0912172103<\/div>\n<div>H\u00e2n h\u1ea1nh \u0111\u01b0\u1ee3c ph\u1ee5c v\u1ee5 Qu\u00fd kh\u00e1ch!<\/div>\n<div><img loading=\"lazy\" decoding=\"async\" class=\"size-full wp-image-1300 aligncenter\" src=\"https:\/\/conlanbangtai.vn\/wp-content\/uploads\/2025\/12\/he-thong-bang-tai-hai-san-q.cao_.jpeg\" alt=\"\" width=\"512\" height=\"384\" \/><\/div>\n<div><\/div>\n<div><img loading=\"lazy\" decoding=\"async\" class=\"size-medium wp-image-1301 aligncenter\" src=\"https:\/\/conlanbangtai.vn\/wp-content\/uploads\/2025\/12\/Gianconlan-q.cao1_-533x400.jpg\" alt=\"\" width=\"533\" height=\"400\" srcset=\"https:\/\/conlanbangtai.vn\/wp-content\/uploads\/2025\/12\/Gianconlan-q.cao1_-533x400.jpg 533w, https:\/\/conlanbangtai.vn\/wp-content\/uploads\/2025\/12\/Gianconlan-q.cao1_-768x576.jpg 768w, https:\/\/conlanbangtai.vn\/wp-content\/uploads\/2025\/12\/Gianconlan-q.cao1_-600x450.jpg 600w, https:\/\/conlanbangtai.vn\/wp-content\/uploads\/2025\/12\/Gianconlan-q.cao1_.jpg 800w\" sizes=\"auto, (max-width: 533px) 100vw, 533px\" \/><\/div>\n","protected":false},"excerpt":{"rendered":"<p>\u0110\u1ec3 ti\u1ec7n cho c\u00f4ng vi\u1ec7c c\u1ee7a Qu\u00fd kh\u00e1ch h\u00e0ng \u0111\u01b0\u1ee3c \u0111\u1ea3m b\u1ea3o,\u0111\u1ec1 ngh\u1ecb Qu\u00fd kh\u00e1ch h\u00e3y g\u1ecdi cho ch\u00fang t\u00f4i \u0111\u1ec3 trao \u0111\u1ed5i th\u00eam v\u1ec1 k\u1ef9 thu\u1eadt nh\u1eb1m \u0111\u01b0a ra m\u1ed9t gi\u1ea3i ph\u00e1p t\u1ed1t nh\u1ea5t \u0111\u00e1p \u1ee9ng cho nhu c\u1ea7u s\u1eed dung c\u1ee7a Qu\u00fd kh\u00e1ch. H\u00e3y li\u00ean h\u1ec7 v\u1edbi ch\u00fang t\u00f4i theo s\u1ed1: 043.6436287 ho\u1eb7c&#8230;<\/p>\n","protected":false},"featured_media":1301,"comment_status":"closed","ping_status":"closed","template":"","meta":[],"class_list":{"0":"post-1299","1":"product","2":"type-product","3":"status-publish","4":"has-post-thumbnail","6":"product_cat-con-lan-bang-tai","8":"first","9":"instock","10":"shipping-taxable","11":"product-type-simple"},"_links":{"self":[{"href":"https:\/\/conlanbangtai.vn\/index.php?rest_route=\/wp\/v2\/product\/1299","targetHints":{"allow":["GET"]}}],"collection":[{"href":"https:\/\/conlanbangtai.vn\/index.php?rest_route=\/wp\/v2\/product"}],"about":[{"href":"https:\/\/conlanbangtai.vn\/index.php?rest_route=\/wp\/v2\/types\/product"}],"replies":[{"embeddable":true,"href":"https:\/\/conlanbangtai.vn\/index.php?rest_route=%2Fwp%2Fv2%2Fcomments&post=1299"}],"wp:featuredmedia":[{"embeddable":true,"href":"https:\/\/conlanbangtai.vn\/index.php?rest_route=\/wp\/v2\/media\/1301"}],"wp:attachment":[{"href":"https:\/\/conlanbangtai.vn\/index.php?rest_route=%2Fwp%2Fv2%2Fmedia&parent=1299"}],"curies":[{"name":"wp","href":"https:\/\/api.w.org\/{rel}","templated":true}]}}