{"id":1291,"date":"2025-12-30T13:38:36","date_gmt":"2025-12-30T06:38:36","guid":{"rendered":"https:\/\/conlanbangtai.vn\/?post_type=product&#038;p=1291"},"modified":"2025-12-30T13:38:37","modified_gmt":"2025-12-30T06:38:37","slug":"ban-can-dien-tu-van-thang","status":"publish","type":"product","link":"https:\/\/conlanbangtai.vn\/?product=ban-can-dien-tu-van-thang","title":{"rendered":"B\u00e0n c\u00e2n \u0111i\u1ec7n t\u1eed ,V\u00e2n th\u0103ng"},"content":{"rendered":"<p><img loading=\"lazy\" decoding=\"async\" class=\"aligncenter wp-image-1292 size-large\" src=\"https:\/\/conlanbangtai.vn\/wp-content\/uploads\/2025\/12\/IMG_0344-600x800.jpg\" alt=\"\" width=\"600\" height=\"800\" srcset=\"https:\/\/conlanbangtai.vn\/wp-content\/uploads\/2025\/12\/IMG_0344-600x800.jpg 600w, https:\/\/conlanbangtai.vn\/wp-content\/uploads\/2025\/12\/IMG_0344-300x400.jpg 300w, https:\/\/conlanbangtai.vn\/wp-content\/uploads\/2025\/12\/IMG_0344-768x1024.jpg 768w, https:\/\/conlanbangtai.vn\/wp-content\/uploads\/2025\/12\/IMG_0344-1152x1536.jpg 1152w, https:\/\/conlanbangtai.vn\/wp-content\/uploads\/2025\/12\/IMG_0344-rotated.jpg 1200w\" sizes=\"auto, (max-width: 600px) 100vw, 600px\" \/><\/p>\n<p><img loading=\"lazy\" decoding=\"async\" class=\"aligncenter wp-image-1293 size-large\" src=\"https:\/\/conlanbangtai.vn\/wp-content\/uploads\/2025\/12\/IMG_0343-600x800.jpg\" alt=\"\" width=\"600\" height=\"800\" srcset=\"https:\/\/conlanbangtai.vn\/wp-content\/uploads\/2025\/12\/IMG_0343-600x800.jpg 600w, https:\/\/conlanbangtai.vn\/wp-content\/uploads\/2025\/12\/IMG_0343-300x400.jpg 300w, https:\/\/conlanbangtai.vn\/wp-content\/uploads\/2025\/12\/IMG_0343-768x1024.jpg 768w, https:\/\/conlanbangtai.vn\/wp-content\/uploads\/2025\/12\/IMG_0343-1152x1536.jpg 1152w, https:\/\/conlanbangtai.vn\/wp-content\/uploads\/2025\/12\/IMG_0343-rotated.jpg 1200w\" sizes=\"auto, (max-width: 600px) 100vw, 600px\" \/><\/p>\n<p><img loading=\"lazy\" decoding=\"async\" class=\"aligncenter wp-image-1294 size-large\" src=\"https:\/\/conlanbangtai.vn\/wp-content\/uploads\/2025\/12\/IMG_0057-600x800.jpg\" alt=\"\" width=\"600\" height=\"800\" srcset=\"https:\/\/conlanbangtai.vn\/wp-content\/uploads\/2025\/12\/IMG_0057-600x800.jpg 600w, https:\/\/conlanbangtai.vn\/wp-content\/uploads\/2025\/12\/IMG_0057-300x400.jpg 300w, https:\/\/conlanbangtai.vn\/wp-content\/uploads\/2025\/12\/IMG_0057-768x1024.jpg 768w, https:\/\/conlanbangtai.vn\/wp-content\/uploads\/2025\/12\/IMG_0057-1152x1536.jpg 1152w, https:\/\/conlanbangtai.vn\/wp-content\/uploads\/2025\/12\/IMG_0057-rotated.jpg 1200w\" sizes=\"auto, (max-width: 600px) 100vw, 600px\" \/><\/p>\n","protected":false},"excerpt":{"rendered":"","protected":false},"featured_media":1294,"comment_status":"closed","ping_status":"closed","template":"","meta":[],"class_list":{"0":"post-1291","1":"product","2":"type-product","3":"status-publish","4":"has-post-thumbnail","6":"product_cat-gia-cong-co-khi","8":"first","9":"instock","10":"shipping-taxable","11":"product-type-simple"},"_links":{"self":[{"href":"https:\/\/conlanbangtai.vn\/index.php?rest_route=\/wp\/v2\/product\/1291","targetHints":{"allow":["GET"]}}],"collection":[{"href":"https:\/\/conlanbangtai.vn\/index.php?rest_route=\/wp\/v2\/product"}],"about":[{"href":"https:\/\/conlanbangtai.vn\/index.php?rest_route=\/wp\/v2\/types\/product"}],"replies":[{"embeddable":true,"href":"https:\/\/conlanbangtai.vn\/index.php?rest_route=%2Fwp%2Fv2%2Fcomments&post=1291"}],"wp:featuredmedia":[{"embeddable":true,"href":"https:\/\/conlanbangtai.vn\/index.php?rest_route=\/wp\/v2\/media\/1294"}],"wp:attachment":[{"href":"https:\/\/conlanbangtai.vn\/index.php?rest_route=%2Fwp%2Fv2%2Fmedia&parent=1291"}],"curies":[{"name":"wp","href":"https:\/\/api.w.org\/{rel}","templated":true}]}}