{"id":1269,"date":"2025-12-30T13:19:25","date_gmt":"2025-12-30T06:19:25","guid":{"rendered":"https:\/\/conlanbangtai.vn\/?post_type=product&#038;p=1269"},"modified":"2025-12-30T13:19:25","modified_gmt":"2025-12-30T06:19:25","slug":"con-lan-ra-phoi-linh-nam","status":"publish","type":"product","link":"https:\/\/conlanbangtai.vn\/?product=con-lan-ra-phoi-linh-nam","title":{"rendered":"Con l\u0103n ra ph\u00f4i L\u0129nh Nam"},"content":{"rendered":"<p><img loading=\"lazy\" decoding=\"async\" class=\"aligncenter wp-image-1270\" src=\"https:\/\/conlanbangtai.vn\/wp-content\/uploads\/2025\/12\/raphoi.jpg\" alt=\"\" width=\"500\" height=\"375\" \/><\/p>\n","protected":false},"excerpt":{"rendered":"","protected":false},"featured_media":1270,"comment_status":"closed","ping_status":"closed","template":"","meta":[],"class_list":{"0":"post-1269","1":"product","2":"type-product","3":"status-publish","4":"has-post-thumbnail","6":"product_cat-con-lan-ra-phoi","8":"first","9":"instock","10":"shipping-taxable","11":"product-type-simple"},"_links":{"self":[{"href":"https:\/\/conlanbangtai.vn\/index.php?rest_route=\/wp\/v2\/product\/1269","targetHints":{"allow":["GET"]}}],"collection":[{"href":"https:\/\/conlanbangtai.vn\/index.php?rest_route=\/wp\/v2\/product"}],"about":[{"href":"https:\/\/conlanbangtai.vn\/index.php?rest_route=\/wp\/v2\/types\/product"}],"replies":[{"embeddable":true,"href":"https:\/\/conlanbangtai.vn\/index.php?rest_route=%2Fwp%2Fv2%2Fcomments&post=1269"}],"wp:featuredmedia":[{"embeddable":true,"href":"https:\/\/conlanbangtai.vn\/index.php?rest_route=\/wp\/v2\/media\/1270"}],"wp:attachment":[{"href":"https:\/\/conlanbangtai.vn\/index.php?rest_route=%2Fwp%2Fv2%2Fmedia&parent=1269"}],"curies":[{"name":"wp","href":"https:\/\/api.w.org\/{rel}","templated":true}]}}