{"id":1237,"date":"2025-12-30T11:13:32","date_gmt":"2025-12-30T04:13:32","guid":{"rendered":"https:\/\/conlanbangtai.vn\/?post_type=product&#038;p=1237"},"modified":"2025-12-30T11:13:33","modified_gmt":"2025-12-30T04:13:33","slug":"con-lan-top-dau-chuan","status":"publish","type":"product","link":"https:\/\/conlanbangtai.vn\/?product=con-lan-top-dau-chuan","title":{"rendered":"Con l\u0103n t\u00f3p \u0111\u1ea7u chu\u1ea9n"},"content":{"rendered":"<p><img loading=\"lazy\" decoding=\"async\" class=\"aligncenter wp-image-1238 size-medium\" src=\"https:\/\/conlanbangtai.vn\/wp-content\/uploads\/2025\/12\/con-lan-top-dau-chuan-518x400.jpeg\" alt=\"\" width=\"518\" height=\"400\" srcset=\"https:\/\/conlanbangtai.vn\/wp-content\/uploads\/2025\/12\/con-lan-top-dau-chuan-518x400.jpeg 518w, https:\/\/conlanbangtai.vn\/wp-content\/uploads\/2025\/12\/con-lan-top-dau-chuan.jpeg 540w\" sizes=\"auto, (max-width: 518px) 100vw, 518px\" \/><\/p>\n","protected":false},"excerpt":{"rendered":"","protected":false},"featured_media":1238,"comment_status":"closed","ping_status":"closed","template":"","meta":[],"class_list":{"0":"post-1237","1":"product","2":"type-product","3":"status-publish","4":"has-post-thumbnail","6":"product_cat-con-lan","8":"first","9":"instock","10":"shipping-taxable","11":"product-type-simple"},"_links":{"self":[{"href":"https:\/\/conlanbangtai.vn\/index.php?rest_route=\/wp\/v2\/product\/1237","targetHints":{"allow":["GET"]}}],"collection":[{"href":"https:\/\/conlanbangtai.vn\/index.php?rest_route=\/wp\/v2\/product"}],"about":[{"href":"https:\/\/conlanbangtai.vn\/index.php?rest_route=\/wp\/v2\/types\/product"}],"replies":[{"embeddable":true,"href":"https:\/\/conlanbangtai.vn\/index.php?rest_route=%2Fwp%2Fv2%2Fcomments&post=1237"}],"wp:featuredmedia":[{"embeddable":true,"href":"https:\/\/conlanbangtai.vn\/index.php?rest_route=\/wp\/v2\/media\/1238"}],"wp:attachment":[{"href":"https:\/\/conlanbangtai.vn\/index.php?rest_route=%2Fwp%2Fv2%2Fmedia&parent=1237"}],"curies":[{"name":"wp","href":"https:\/\/api.w.org\/{rel}","templated":true}]}}