{"id":515,"date":"2021-12-15T09:38:16","date_gmt":"2021-12-15T02:38:16","guid":{"rendered":"https:\/\/cuonghai.com\/w\/thangmaydieuhoa\/?page_id=515"},"modified":"2025-12-30T10:06:47","modified_gmt":"2025-12-30T03:06:47","slug":"gioi-thieu","status":"publish","type":"page","link":"https:\/\/conlanbangtai.vn\/?page_id=515","title":{"rendered":"Gi\u1edbi thi\u1ec7u"},"content":{"rendered":"\t<section class=\"section\" id=\"section_337184457\">\n\t\t<div class=\"bg section-bg fill bg-fill  bg-loaded\" >\n\n\t\t\t\n\t\t\t\n\t\t\t\n\n\t\t<\/div>\n\n\t\t<div class=\"section-content relative\">\n\t\t\t\n<div class=\"row\"  id=\"row-573212679\">\n\n\t<div id=\"col-668225202\" class=\"col small-12 large-12\"  >\n\t\t<div class=\"col-inner\"  >\n\t\t\t\n\t\t\t\n<h3 class=\"uppercase\" style=\"text-align: center;\"><strong><span style=\"color: #ed1c24;\">Gi\u1edbi thi\u1ec7u<\/span><\/strong><\/h3>\n<p><strong>C\u00f4ng ty TNHH s\u1ea3n xu\u1ea5t v\u00e0 th\u01b0\u01a1ng m\u1ea1i L\u0129nh Nam<\/strong> l\u00e0 c\u00f4ng ty h\u00e0ng \u0111\u1ea7u trong l\u0129nh v\u1ef1c c\u01a1 kh\u00ed ch\u1ebf t\u1ea1o .<\/p>\n<p>V\u1edbi ph\u01b0\u01a1ng ch\u00e2m h\u00e0nh \u0111\u1ed9ng l\u00e0 \u201cCh\u1ea5t l\u01b0\u1ee3ng v\u00e0 uy t\u00edn \u0111\u1eb7t l\u00ean h\u00e0ng \u0111\u1ea7u\u201d, t\u1eeb khi th\u00e0nh l\u1eadp \u0111\u1ebfn nay ch\u00fang t\u00f4i \u0111\u00e3 nh\u00e2n \u0111\u01b0\u1ee3c s\u1ef1 y\u00eau m\u1ebfn v\u00e0 tin t\u01b0\u1edfng c\u1ee7a kh\u00e1ch h\u00e0ng.<\/p>\n<p>Trong th\u1eddi k\u00ec c\u00f4ng nghi\u00eap h\u00f3a v\u00e0 hi\u1ec7n \u0111\u1ea1i h\u00f3a ng\u00e0y nay, nh\u1eb1m \u0111\u00e1p \u1ee9ng y\u00eau c\u1ea7u ng\u00e0y c\u00e0ng cao v\u00e0 kh\u1eaft khe v\u1ec1 k\u1ef9 thu\u1eadt, t\u1eadp th\u1ec3 c\u00f4ng ty lu\u00f4n c\u1ed1 g\u1eafng kh\u00f4ng ng\u1eebng c\u1ea3i ti\u1ebfn k\u1ef9 thu\u1eadt v\u00e0 c\u00f4ng ngh\u1ec7 \u0111\u1ec3 x\u1ee9ng \u0111\u00e1ng l\u00e0 m\u1ed9t trong nh\u1eefng \u0111\u01a1n v\u1ecb ti\u00ean phong tr\u00ean con \u0111\u01b0\u1eddng h\u1ed9i nh\u1eadp v\u00e0 ph\u00e1t tri\u1ec3n.<\/p>\n<p>Ch\u00fang t\u00f4i ch\u00e2n th\u00e0nh c\u1ea3m qu\u00fd kh\u00e1ch h\u00e0ng \u0111\u00e3 tin t\u01b0\u1edfng v\u00e0 ch\u1ecdn ch\u00fang t\u00f4i l\u00e0 \u0111\u1ed1i t\u00e1c trong th\u1eddi gian qua, ch\u00fang t\u00f4i mong qu\u00fd kh\u00e1ch h\u00e0ng s\u1ebd lu\u00f4n l\u00e0 \u0111\u1ed1i t\u00e1c b\u1ec1n v\u1eefng c\u1ee7a ch\u00fang t\u00f4i t\u01b0\u01a1ng lai.<\/p>\n<p>Hi\u00ean nay ch\u00fang t\u00f4i \u0111ang s\u1ea3n xu\u1ea5t, l\u1eafp \u0111\u1eb7t v\u00e0 kinh doanh c\u00e1c linh v\u1ef1c sau:<\/p>\n<p>1 . Cung c\u1ea5p c\u00e1c lo\u1ea1i b\u0103ng t\u1ea3i nh\u01b0: B\u0103ng T\u1ea3i Cao Su, B\u0103ng T\u1ea3i PVC, PU, B\u0103ng T\u1ea3i X\u00edch, G\u1ea7u T\u1ea3i, B\u0103ng T\u1ea3i \u0110ai, B\u0103ng T\u1ea3i L\u00f5i Th\u00e9p, B\u0103ng T\u1ea3i chiu nhi\u1ec7t,&#8230;<\/p>\n<p>2 . Thi\u1ebft k\u1ebf, ch\u1ebf t\u1ea1o, gia c\u00f4ng v\u00e0 l\u1eafp \u0111\u1eb7t c\u00e1c lo\u1ea1i B\u0103ng t\u1ea3i, B\u0103ng chuy\u1ec1n, H\u1ec7 th\u1ed1ng b\u0103ng t\u1ea3i trong c\u00e1c nh\u00e0 m\u00e1y s\u1ea3n xu\u1ea5t c\u00f4ng nghi\u1ec7p nh\u01b0 l\u1eafp r\u00e1p \u0111i\u1ec7n t\u1eed, may m\u1eb7c, gi\u1ea7y d\u00e9p, th\u1ef1c ph\u1ea9m v\u00e0 khai th\u00e1c kho\u00e1ng s\u1ea3n nh\u01b0 than, \u0111\u00e1, c\u00e1t, qu\u1eb7ng, s\u1ea3n xu\u1ea5t g\u1ea1ch&#8230;<\/p>\n<p>3 .Thi\u1ebft k\u1ebf v\u00e0 s\u1ea3n xu\u1ea5t c\u00e1c lo\u1ea1i Con L\u0103n, Rulo, Gi\u00e0n Con L\u0103n \u0111\u01a1n h\u01b0\u1edbng, \u0111a h\u01b0\u1edbng&#8230;<\/p>\n<p>4 . T\u01b0 v\u1ea5n, thi\u1ebft k\u1ebf, thi c\u00f4ng ch\u1ecdn g\u00f3i c\u00e1c d\u00e2y chuy\u1ec1n s\u1ea3n xu\u1ea5t, l\u1eafp r\u00e1p trong c\u00f4ng nghi\u1ec7p c\u0169ng nh\u01b0 trong khai th\u00e1c kho\u00e1ng s\u1ea3n&#8230;<\/p>\n<p>5 . Cung c\u1ea5p c\u00e1c lo\u1ea1i xe \u0111\u1ea9y, xe \u0111\u1ea9y h\u00e0ng, b\u00e0n thao t\u00e1c c\u1ee7a c\u00f4ng nh\u00e2n, gi\u00e1 k\u1ec7, b\u00e0n \u0111\u1ec3 s\u1ea3n ph\u1ea9m trong nh\u00e0 m\u00e1y s\u1ea3n xu\u1ea5t v\u00e0 l\u1eafp r\u00e1p.<\/p>\n<p>6 . Cung c\u1ea5p c\u00e1c lo\u1ea1i Nh\u00f4m H\u00ecnh, Nh\u00f4m \u0110inh H\u00ecnh v\u00e0 ph\u1ee5 ki\u1ec7n gh\u00e9p n\u1ed1i.<\/p>\n<p>7 . Chuy\u00ean l\u1eafp r\u00e1p, b\u1ea3o tr\u00ec, b\u1ea3o d\u01b0\u1ee1ng s\u1eeda ch\u1eefa Robot &#8211; Tay M\u00e1y trong c\u00e1c nh\u00e0 m\u00e1y s\u1ea3n xu\u1ea5t c\u00f4ng nghi\u1ec7p nh\u01b0: Robot nh\u1eb7t s\u1ea3n ph\u1ea9m, Robot chuy\u1ec3n s\u1ea3n ph\u1ea9m, Tay m\u00e1y g\u1eafp s\u1ea3n ph\u1ea9m, Robot h\u00e0n,&#8230;<\/p>\n<p>Ch\u00fang t\u00f4i cam k\u1ebft mang \u0111\u1ebfn ch\u1ea5t l\u01b0\u1ee3ng v\u00e0 gi\u00e1 t\u1ed1t nh\u1ea5t t\u1ea1i th\u1eddi \u0111i\u1ec3m m\u00e0 qu\u00fd kh\u00e1ch \u0111\u1eb7t h\u00e0ng, mua h\u00e0ng.<\/p>\n<p>H\u00e3y li\u00ean h\u1ec7 v\u1edbi ch\u00fang t\u00f4i r\u1ed3i so s\u00e1nh v\u1edbi c\u00e1c \u0111\u01a1n v\u1ecb kh\u00e1c, qu\u00fd kh\u00e1ch s\u1ebd th\u1ea5y \u0111\u01b0\u1ee3c s\u1ef1 kh\u00e1c bi\u1ec7t v\u1ec1 s\u1ef1 chuy\u00ean nghi\u1ec7p, gi\u00e1 c\u1ea3 v\u00e0 ch\u1ea5t l\u01b0\u1ee3ng.<\/p>\n<p>R\u1ea5t mong qu\u00fd kh\u00e1ch h\u00e0ng s\u1ebd l\u00e0 \u0111\u1ed1i t\u00e1c l\u00e2u d\u00e0i c\u1ee7a ch\u00fang t\u00f4i trong t\u01b0\u01a1ng lai, ch\u00e2n tr\u1ecdng g\u1eedi \u0111\u1ebfn qu\u00fd kh\u00e1ch h\u00e0ng l\u1eddi ch\u00fac s\u1ee9c kh\u1ecfe c\u00f9ng s\u1ef1 th\u1ecbnh v\u01b0\u1ee3ng.<\/p>\n<p class=\"uppercase\"><strong>C\u00f4ng ty TNHH s\u1ea3n xu\u1ea5t v\u00e0 th\u01b0\u01a1ng m\u1ea1i L\u0129nh Nam.<\/strong><\/p>\n<p>S\u1ed1 5 Ng\u00f5 220 &#8211; Ph\u1ed1 Nam D\u01b0 &#8211; Ph\u01b0\u1eddng L\u0129nh Nam &#8211; Qu\u1eadn Ho\u00e0ng Mai &#8211; Th\u00e0nh Ph\u1ed1 H\u00e0 N\u1ed9i\u00a0<br \/><strong>\u0110i\u1ec7n tho\u1ea1i:<\/strong>0243.6436287 D\u0111: 0912172103 &#8211;\u00a0039 4207 754\u00a0<br \/><strong>Email :<\/strong> thuhuong6381@gmail.com<br \/><strong>Website:<\/strong>Conlanbangtai.vn<\/p>\n\t\t<\/div>\n\t\t\t<\/div>\n\n\t\n<\/div>\n\t\t<\/div>\n\n\t\t\n<style>\n#section_337184457 {\n  padding-top: 30px;\n  padding-bottom: 30px;\n}\n<\/style>\n\t<\/section>\n\t\n","protected":false},"excerpt":{"rendered":"","protected":false},"author":2,"featured_media":0,"parent":0,"menu_order":0,"comment_status":"closed","ping_status":"closed","template":"page-blank.php","meta":{"footnotes":""},"class_list":["post-515","page","type-page","status-publish","hentry"],"_links":{"self":[{"href":"https:\/\/conlanbangtai.vn\/index.php?rest_route=\/wp\/v2\/pages\/515","targetHints":{"allow":["GET"]}}],"collection":[{"href":"https:\/\/conlanbangtai.vn\/index.php?rest_route=\/wp\/v2\/pages"}],"about":[{"href":"https:\/\/conlanbangtai.vn\/index.php?rest_route=\/wp\/v2\/types\/page"}],"author":[{"embeddable":true,"href":"https:\/\/conlanbangtai.vn\/index.php?rest_route=\/wp\/v2\/users\/2"}],"replies":[{"embeddable":true,"href":"https:\/\/conlanbangtai.vn\/index.php?rest_route=%2Fwp%2Fv2%2Fcomments&post=515"}],"version-history":[{"count":9,"href":"https:\/\/conlanbangtai.vn\/index.php?rest_route=\/wp\/v2\/pages\/515\/revisions"}],"predecessor-version":[{"id":1187,"href":"https:\/\/conlanbangtai.vn\/index.php?rest_route=\/wp\/v2\/pages\/515\/revisions\/1187"}],"wp:attachment":[{"href":"https:\/\/conlanbangtai.vn\/index.php?rest_route=%2Fwp%2Fv2%2Fmedia&parent=515"}],"curies":[{"name":"wp","href":"https:\/\/api.w.org\/{rel}","templated":true}]}}